{"id":3,"date":"2018-12-11T17:52:22","date_gmt":"2018-12-11T16:52:22","guid":{"rendered":"https:\/\/www.istitutocomprensivodesica.edu.it\/?page_id=3"},"modified":"2023-09-06T13:12:19","modified_gmt":"2023-09-06T11:12:19","slug":"privacy-policy","status":"publish","type":"page","link":"https:\/\/www.istitutocomprensivodesica.edu.it\/privacy-policy\/","title":{"rendered":"Privacy Policy"},"content":{"rendered":"<p><a href=\"https:\/\/www.istitutocomprensivodesica.edu.it\/wp-content\/uploads\/2020\/10\/Regolamento_UE_2016-679.pdf\">Regolamento_UE_2016-679<\/a><\/p>\n<p><a href=\"https:\/\/www.istitutocomprensivodesica.edu.it\/wp-content\/uploads\/2020\/10\/Vademecum-_-La-scuola-a-prova-di-privacy-pagina-singola.pdf\">Vademecum _ La scuola a prova di privacy pagina singola<\/a><\/p>\n<p>Norme generali sul sito e norme particolari dell&#8217;Istituto<\/p>\n<p>1. Finalit\u00e0 del trattamento<br \/>\nI dati personali da Voi forniti potranno essere trattati unicamente per le seguenti finalit\u00e0:<br \/>\n&#8211; finalit\u00e0 strettamente connesse e necessarie alla fruizione del Sito e dei Servizi richiesti<br \/>\n&#8211; finalit\u00e0 funzionali allo svolgimento di ricerche, analisi economiche e statistiche, invio di materiale informativo e di aggiornamenti su iniziative e programmi del nostro Istituto scolastico.<\/p>\n<p>2. Modalit\u00e0 del trattamento<br \/>\nIl trattamento dei dati personali consiste nella raccolta, registrazione, organizzazione, conservazione, elaborazione, modificazione, selezione, estrazione, raffronto, utilizzo, interconnessione, blocco, comunicazione, diffusione, cancellazione e distruzione dei medesimi dati, comprese la combinazione di due o pi\u00f9 delle suddette operazioni. Il trattamento dei dati personali \u00e8 effettuato per le finalit\u00e0 di cui sopra, in conformit\u00e0 a quanto stabilito dall&#8217;articolo 11 del D.Lgs. n. 196\/2003, sia su supporto cartaceo, informatico che telematico, per mezzo di strumenti elettronici o comunque automatizzati, nel rispetto delle regole di riservatezza e di sicurezza previste dalla normativa vigente. I dati saranno conservati per un periodo di tempo non superiore a quello necessario agli scopi per i quali essi sono stati raccolti o successivamente trattati conformemente a quanto previsto dagli obblighi di legge.<\/p>\n<p>3. Natura del conferimento dei dati personali e conseguenze di un eventuale rifiuto di rispondere<br \/>\nIl conferimento dei dati personali \u00e8 facoltativo. L&#8217;eventuale rifiuto di conferirli pu\u00f2 comportare l&#8217;impossibilit\u00e0 di utilizzare il Sito e fruire dei relativi Servizi. L&#8217;invio facoltativo, esplicito e volontario di posta elettronica agli indirizzi indicati su questo Sito comporta la successiva acquisizione dell&#8217;indirizzo del mittente, necessario per rispondere alle richieste, nonch\u00e9 degli eventuali altri dati personali inseriti nella missiva.<\/p>\n<p>4. Comunicazione e diffusione dei dati<br \/>\nI dati potranno essere comunicati, nel rispetto della normativa vigente, a societ\u00e0 esterne incaricate dal nostro Istituto scolastico di svolgere servizi di varia natura, quali a titolo esemplificativo, la manutenzione e l&#8217;assistenza del Sito e dei relativi Servizi. I dati personali non sono soggetti a diffusione.<\/p>\n<p>5. Diritti dell&#8217;interessato<br \/>\nL&#8217;interessato ha diritto di ottenere la conferma dell&#8217;esistenza o meno di dati personali che lo riguardano, anche se non ancora registrati, e la loro comunicazione in forma intelligibile. L&#8217;interessato ha diritto di ottenere l&#8217;indicazione:<br \/>\n&#8211; dell&#8217;origine dei dati personali.<br \/>\n&#8211; delle finalit\u00e0 e modalit\u00e0 del trattamento.<br \/>\n&#8211; della logica applicata in caso di trattamento effettuato con l&#8217;ausilio di strumenti elettronici.<br \/>\n&#8211; degli estremi identificativi del titolare, dei responsabili e del rappresentante designato ai sensi dell&#8217;articolo 5, comma 2.<br \/>\n&#8211; dei soggetti o delle categorie di soggetti ai quali i dati personali possono essere comunicati o che possono venirne a conoscenza in qualit\u00e0 di rappresentante designato nel territorio dello Stato, di responsabili o incaricati.<\/p>\n<p>L&#8217;interessato ha diritto di ottenere:<br \/>\n&#8211; l&#8217;aggiornamento, la rettificazione ovvero, quando vi ha interesse, l&#8217;integrazione dei dati.<br \/>\n&#8211; la cancellazione, la trasformazione in forma anonima o il blocco dei dati trattati in violazione di legge, compresi quelli di cui non \u00e8 necessaria la conservazione in relazione agli scopi per i quali i dati sono stati raccolti o successivamente trattati.<br \/>\n&#8211; l&#8217;attestazione che le operazioni di cui ai punti sopra indicati sono state portate a conoscenza, anche per quanto riguarda il loro contenuto, di coloro ai quali i dati sono stati comunicati o diffusi, eccettuato il caso in cui tale adempimento si rivela impossibile o comporta un impiego di mezzi manifestamente sproporzionato rispetto al diritto tutelato<\/p>\n<p>L&#8217;interessato ha diritto di opporsi, in tutto o in parte:<br \/>\nper motivi legittimi al trattamento dei dati personali che lo riguardano, ancorch\u00e9 pertinenti allo scopo della raccolta al trattamento di dati personali che lo riguardano a fini di invio di materiale pubblicitario o di vendita diretta o per il compimento di ricerche di mercato o di comunicazione commerciale.<\/p>\n<p>6. Titolari e responsabili del trattamento:<br \/>\nTitolare del trattamento dei dati \u00e8 il nostro Istituto scolastico, al quale ci si potr\u00e0 rivolgere (attraverso l&#8217;apposito link &#8220;Contattaci&#8221;) per esercitare i diritti di cui all&#8217;articolo 7 del D.Lgs. e\/o per conoscere l&#8217;elenco aggiornato di tutti i Responsabili del trattamento dei dati.<\/p>\n","protected":false},"excerpt":{"rendered":"<p>Regolamento_UE_2016-679 Vademecum _ La scuola a prova di privacy pagina singola Norme generali sul sito e norme particolari dell&#8217;Istituto 1. Finalit\u00e0 del trattamento I dati personali da Voi forniti potranno essere trattati unicamente per le seguenti [&hellip;]<\/p>\n","protected":false},"author":3,"featured_media":0,"parent":0,"menu_order":0,"comment_status":"closed","ping_status":"closed","template":"","meta":{"footnotes":""},"tags":[],"acf":[],"_links":{"self":[{"href":"https:\/\/www.istitutocomprensivodesica.edu.it\/wp-json\/wp\/v2\/pages\/3"}],"collection":[{"href":"https:\/\/www.istitutocomprensivodesica.edu.it\/wp-json\/wp\/v2\/pages"}],"about":[{"href":"https:\/\/www.istitutocomprensivodesica.edu.it\/wp-json\/wp\/v2\/types\/page"}],"author":[{"embeddable":true,"href":"https:\/\/www.istitutocomprensivodesica.edu.it\/wp-json\/wp\/v2\/users\/3"}],"replies":[{"embeddable":true,"href":"https:\/\/www.istitutocomprensivodesica.edu.it\/wp-json\/wp\/v2\/comments?post=3"}],"version-history":[{"count":2,"href":"https:\/\/www.istitutocomprensivodesica.edu.it\/wp-json\/wp\/v2\/pages\/3\/revisions"}],"predecessor-version":[{"id":1565,"href":"https:\/\/www.istitutocomprensivodesica.edu.it\/wp-json\/wp\/v2\/pages\/3\/revisions\/1565"}],"wp:attachment":[{"href":"https:\/\/www.istitutocomprensivodesica.edu.it\/wp-json\/wp\/v2\/media?parent=3"}],"wp:term":[{"taxonomy":"post_tag","embeddable":true,"href":"https:\/\/www.istitutocomprensivodesica.edu.it\/wp-json\/wp\/v2\/tags?post=3"}],"curies":[{"name":"wp","href":"https:\/\/api.w.org\/{rel}","templated":true}]}}